{"id":4018,"date":"2025-05-25T08:19:46","date_gmt":"2025-05-25T08:19:46","guid":{"rendered":"https:\/\/nightriderslt.shop\/?post_type=product&#038;p=4018"},"modified":"2026-05-07T19:44:16","modified_gmt":"2026-05-07T16:44:16","slug":"nightriders-magnetiniai-numeriu-laikikliai-1-puses","status":"publish","type":"product","link":"https:\/\/nightriderslt.shop\/en\/product\/nightriders-magnetiniai-numeriu-laikikliai-1-puses\/","title":{"rendered":"NIGHTRIDERS Magnetic License Plate Holders (1 sides)"},"content":{"rendered":"<p><strong>NIGHTRIDERS Magnetic License Plate Holders<\/strong> \u2013 a perfect way to quickly and easily enhance your vehicle\u2019s aggressive look while making the detailed car washing process more convenient. These holders are designed to withstand high speeds (up to 300+ km\/h), road irregularities, as well as harsh winter and summer conditions and other environmental factors.<br><\/p>\n<p>\u203c\ufe0f To ensure the safety of the product and your license plates, we recommend removing the plates before using automatic (tunnel) car washes or driving through difficult off-road conditions that may apply physical stress to the holders.<br><\/p>\n<p>Before installing the product, be sure to read the user instructions and watch the installation video.<br><\/p>\n<p><strong>Installation Instructions:<\/strong><br><\/p>\n<p><strong><strong>Holder Installation:<\/strong><br><\/strong><\/p>\n<p class=\" translation-block\"><strong>Preparation:<\/strong><br>\n\n1. After removing the old holders, thoroughly clean the bumper and the inner side of the license plates;<br>\n2. Ensure you select the correct screws from the set for secure magnet installation (both shorter and longer screws are included as needed);<br>\n3. Place a washer (spacer) under the magnet to protect the bumper from scratches (if the holder is mounted directly onto the vehicle\u2019s paint).<br><\/p>\n<p><strong><span style=\"color: #ff0000;\">!<\/span><strong>IMPORTANT<\/strong><span style=\"color: #ff0000;\">!<\/span><\/strong><\/p>\n<p class=\" translation-block\">\u2022 Magnets are very fragile!<br>\n\u2022 Do not overtighten and do not use power tools!<br>\n\u2022 Magnets can withstand up to 3 Nm of tightening torque.<br><\/p>\n<p class=\" translation-block\"><strong>Installation:<\/strong><br>\n\u2022 Place the washer (spacer) on the back side of the magnet;<br>\n\u2022 Insert the screw through the magnet with the washer;<br>\n\u2022 Fasten the magnet with the screw to the bumper;<br>\n\u2022 Check that the magnets are firmly secured and do not move;<br>\n\u2022 Attach the included holders onto the magnets;<br>\n\u2022 Remove the protective film from the double-sided adhesive tape;<br>\n\u2022 Align the license plates to ensure they are centered (the adhesive on the holders is very strong! Before pressing the plate onto the holders, make sure it is properly centered);<br>\n\u2022 After a few minutes, remove the plates and press firmly across the entire holder surface to ensure the adhesive bonds securely;<br>\n\u2022 Before using the holders, allow the double-sided adhesive tape time to fully cure;<br>\n\u2022 The frames must be installed at room temperature conditions to ensure all components function properly.<br><\/p>\n<p class=\" translation-block\"><strong>Note:<\/strong> The frames may need to be adjusted depending on the license plate mounting position, body lines, or any previously made larger mounting holes.<br><\/p>","protected":false},"excerpt":{"rendered":"<p>NIGHTRIDERS Magnetiniai Numeri\u0173 Laikikliai &#8211; puikus b\u016bdas greitai ir lengvai patobulinti savo automobilio agresyvi\u0105 i\u0161vaizd\u0105 ir palengvinti detal\u0173 k\u0117bulo plovimo proces\u0105. Tai laikikliai, kurie efektyviai&#8230;<\/p>","protected":false},"featured_media":4239,"comment_status":"open","ping_status":"closed","template":"","meta":[],"product_brand":[],"product_cat":[112,65],"product_tag":[],"class_list":{"0":"post-4018","1":"product","2":"type-product","3":"status-publish","4":"has-post-thumbnail","6":"product_cat-numeriu-laikikliai","7":"product_cat-visos-prekes","9":"first","10":"outofstock","11":"shipping-taxable","12":"purchasable","13":"product-type-simple"},"etheme_brands":{"errors":{"invalid_taxonomy":["Invalid taxonomy."]},"error_data":[]},"jetpack_sharing_enabled":true,"_links":{"self":[{"href":"https:\/\/nightriderslt.shop\/en\/wp-json\/wp\/v2\/product\/4018","targetHints":{"allow":["GET"]}}],"collection":[{"href":"https:\/\/nightriderslt.shop\/en\/wp-json\/wp\/v2\/product"}],"about":[{"href":"https:\/\/nightriderslt.shop\/en\/wp-json\/wp\/v2\/types\/product"}],"replies":[{"embeddable":true,"href":"https:\/\/nightriderslt.shop\/en\/wp-json\/wp\/v2\/comments?post=4018"}],"version-history":[{"count":2,"href":"https:\/\/nightriderslt.shop\/en\/wp-json\/wp\/v2\/product\/4018\/revisions"}],"predecessor-version":[{"id":4046,"href":"https:\/\/nightriderslt.shop\/en\/wp-json\/wp\/v2\/product\/4018\/revisions\/4046"}],"wp:featuredmedia":[{"embeddable":true,"href":"https:\/\/nightriderslt.shop\/en\/wp-json\/wp\/v2\/media\/4239"}],"wp:attachment":[{"href":"https:\/\/nightriderslt.shop\/en\/wp-json\/wp\/v2\/media?parent=4018"}],"wp:term":[{"taxonomy":"product_brand","embeddable":true,"href":"https:\/\/nightriderslt.shop\/en\/wp-json\/wp\/v2\/product_brand?post=4018"},{"taxonomy":"product_cat","embeddable":true,"href":"https:\/\/nightriderslt.shop\/en\/wp-json\/wp\/v2\/product_cat?post=4018"},{"taxonomy":"product_tag","embeddable":true,"href":"https:\/\/nightriderslt.shop\/en\/wp-json\/wp\/v2\/product_tag?post=4018"}],"curies":[{"name":"wp","href":"https:\/\/api.w.org\/{rel}","templated":true}]}}