{"id":4330,"date":"2025-11-21T12:00:22","date_gmt":"2025-11-21T10:00:22","guid":{"rendered":"https:\/\/nightriderslt.shop\/?post_type=product&#038;p=4330"},"modified":"2026-05-01T13:46:55","modified_gmt":"2026-05-01T10:46:55","slug":"nightriders-padangu-juodinimo-priemone-blacked-out","status":"publish","type":"product","link":"https:\/\/nightriderslt.shop\/en\/product\/nightriders-padangu-juodinimo-priemone-blacked-out\/","title":{"rendered":"NIGHTRIDERS Tire Blackening Agent \u201cBlacked Out\u201d"},"content":{"rendered":"<p class=\" translation-block\"><em>NIGHTRIDERS<\/em> tire blackening agent is ideal for creating a new tire effect - it gives a matte appearance.<\/p>\n<p>&nbsp;<\/p>\n<p><strong>Instructions for use:<\/strong><\/p>\n<p>1. Wash the tires thoroughly to remove dirt and dry them.<\/p>\n<p>2. Using a microfiber cloth or applicator, apply the product and rub it in until it is well absorbed. Allow the product to dry thoroughly.<\/p>\n<p>3. If there is any excess, wipe it off with a separate clean microfiber cloth.<\/p>\n<p>Avoid direct sunlight.<\/p>\n<p class=\" translation-block\"><strong>Equipped with a premium-quality Guala Dispensing trigger:<br><\/strong>\n\u2022 Leak-proof in all conditions.<br>\n\u2022 Smooth and consistent trigger action.<br>\n\u2022 Ergonomic design with textured areas for a more comfortable grip.<br><\/p>\n<p><span style=\"color: #ff0000;\"><strong>Important:<\/strong><\/span><\/p>\n<p>Causes serious eye irritation.<\/p>\n<p>Keep out of reach of children. Wash hands thoroughly after use. Wear eye\/face protection.<\/p>","protected":false},"excerpt":{"rendered":"<p>NIGHTRIDERS padang\u0173 juodinimo priemon\u0117 idealiai tinka naujos padangos efektui sukurti \u2013 suteikia matin\u0119 i\u0161vaizd\u0105. &nbsp; Naudojimo instrukcijos: 1. Kruop\u0161\u010diai nuplaukite padangas, kad pa\u0161alintum\u0117te purv\u0105, ir&#8230;<\/p>","protected":false},"featured_media":4317,"comment_status":"open","ping_status":"closed","template":"","meta":[],"product_brand":[],"product_cat":[113,65],"product_tag":[],"class_list":{"0":"post-4330","1":"product","2":"type-product","3":"status-publish","4":"has-post-thumbnail","6":"product_cat-automobiliu-chemija","7":"product_cat-visos-prekes","8":"product_shipping_class-allitems","10":"first","11":"instock","12":"shipping-taxable","13":"purchasable","14":"product-type-simple"},"etheme_brands":{"errors":{"invalid_taxonomy":["Invalid taxonomy."]},"error_data":[]},"jetpack_sharing_enabled":true,"_links":{"self":[{"href":"https:\/\/nightriderslt.shop\/en\/wp-json\/wp\/v2\/product\/4330","targetHints":{"allow":["GET"]}}],"collection":[{"href":"https:\/\/nightriderslt.shop\/en\/wp-json\/wp\/v2\/product"}],"about":[{"href":"https:\/\/nightriderslt.shop\/en\/wp-json\/wp\/v2\/types\/product"}],"replies":[{"embeddable":true,"href":"https:\/\/nightriderslt.shop\/en\/wp-json\/wp\/v2\/comments?post=4330"}],"version-history":[{"count":2,"href":"https:\/\/nightriderslt.shop\/en\/wp-json\/wp\/v2\/product\/4330\/revisions"}],"predecessor-version":[{"id":4441,"href":"https:\/\/nightriderslt.shop\/en\/wp-json\/wp\/v2\/product\/4330\/revisions\/4441"}],"wp:featuredmedia":[{"embeddable":true,"href":"https:\/\/nightriderslt.shop\/en\/wp-json\/wp\/v2\/media\/4317"}],"wp:attachment":[{"href":"https:\/\/nightriderslt.shop\/en\/wp-json\/wp\/v2\/media?parent=4330"}],"wp:term":[{"taxonomy":"product_brand","embeddable":true,"href":"https:\/\/nightriderslt.shop\/en\/wp-json\/wp\/v2\/product_brand?post=4330"},{"taxonomy":"product_cat","embeddable":true,"href":"https:\/\/nightriderslt.shop\/en\/wp-json\/wp\/v2\/product_cat?post=4330"},{"taxonomy":"product_tag","embeddable":true,"href":"https:\/\/nightriderslt.shop\/en\/wp-json\/wp\/v2\/product_tag?post=4330"}],"curies":[{"name":"wp","href":"https:\/\/api.w.org\/{rel}","templated":true}]}}