{"id":4332,"date":"2025-11-21T00:00:28","date_gmt":"2025-11-20T22:00:28","guid":{"rendered":"https:\/\/nightriderslt.shop\/?post_type=product&#038;p=4332"},"modified":"2026-05-06T11:52:58","modified_gmt":"2026-05-06T08:52:58","slug":"nightriders-universalus-valiklis-everything","status":"publish","type":"product","link":"https:\/\/nightriderslt.shop\/en\/product\/nightriders-universalus-valiklis-everything\/","title":{"rendered":"NIGHTRIDERS Universal Cleaner \u201cEverything\u201d"},"content":{"rendered":"<p class=\" translation-block\"><em>NIGHTRIDERS<\/em> universal cleaner easily cleans a variety of surfaces. Ideal for cleaning interior surfaces.<\/p>\n<p class=\" translation-block\"><strong>Instructions for use:<\/strong><br>\n<strong>1.<\/strong> Spray the product onto a clean microfiber cloth and gently rub into the selected interior surface until a matte effect is achieved.<br>\n<strong>2.<\/strong> If necessary, wipe off any residue with a separate clean microfiber cloth.<\/p>\n<p class=\" translation-block\">\u2022 Avoid direct sunlight.<br>\n\u2022 The product is suitable for use on various interior surfaces such as fabric, leather, plastic, dashboard, rubber, vinyl, velor, etc. Not suitable for use on Alcantara or glass surfaces.<\/p>\n<p class=\" translation-block\"><strong>Equipped with a premium-quality Guala Dispensing trigger:<br><\/strong>\n\u2022 Leak-proof in all conditions.<br>\n\u2022 Smooth and consistent trigger action.<br>\n\u2022 Ergonomic design with textured areas for a more comfortable grip.<br><\/p>\n<p class=\" translation-block\"><span style=\"color: #ff0000\"><em><strong>Important:<\/strong><\/em><\/span><br>\nCauses severe skin burns and serious eye damage.<br>\nKeep out of reach of children.<br>\nWash hands thoroughly after use. Wear protective gloves\/clothing and eye\/face protection.<\/p>","protected":false},"excerpt":{"rendered":"<p>NIGHTRIDERS universalus valiklis lengvai valo \u012fvairius pavir\u0161ius. Idealiai tinka interjero pavir\u0161i\u0173 valymui. Naudojimo instrukcijos: 1. Purk\u0161kite produkt\u0105 ant \u0161varios mikropluo\u0161to \u0161luost\u0117s ir \u0161velniai \u012ftrinkite \u012f&#8230;<\/p>","protected":false},"featured_media":4318,"comment_status":"open","ping_status":"closed","template":"","meta":[],"product_brand":[],"product_cat":[113,65],"product_tag":[],"class_list":{"0":"post-4332","1":"product","2":"type-product","3":"status-publish","4":"has-post-thumbnail","6":"product_cat-automobiliu-chemija","7":"product_cat-visos-prekes","8":"product_shipping_class-allitems","10":"first","11":"instock","12":"shipping-taxable","13":"purchasable","14":"product-type-simple"},"etheme_brands":{"errors":{"invalid_taxonomy":["Invalid taxonomy."]},"error_data":[]},"jetpack_sharing_enabled":true,"_links":{"self":[{"href":"https:\/\/nightriderslt.shop\/en\/wp-json\/wp\/v2\/product\/4332","targetHints":{"allow":["GET"]}}],"collection":[{"href":"https:\/\/nightriderslt.shop\/en\/wp-json\/wp\/v2\/product"}],"about":[{"href":"https:\/\/nightriderslt.shop\/en\/wp-json\/wp\/v2\/types\/product"}],"replies":[{"embeddable":true,"href":"https:\/\/nightriderslt.shop\/en\/wp-json\/wp\/v2\/comments?post=4332"}],"version-history":[{"count":2,"href":"https:\/\/nightriderslt.shop\/en\/wp-json\/wp\/v2\/product\/4332\/revisions"}],"predecessor-version":[{"id":4445,"href":"https:\/\/nightriderslt.shop\/en\/wp-json\/wp\/v2\/product\/4332\/revisions\/4445"}],"wp:featuredmedia":[{"embeddable":true,"href":"https:\/\/nightriderslt.shop\/en\/wp-json\/wp\/v2\/media\/4318"}],"wp:attachment":[{"href":"https:\/\/nightriderslt.shop\/en\/wp-json\/wp\/v2\/media?parent=4332"}],"wp:term":[{"taxonomy":"product_brand","embeddable":true,"href":"https:\/\/nightriderslt.shop\/en\/wp-json\/wp\/v2\/product_brand?post=4332"},{"taxonomy":"product_cat","embeddable":true,"href":"https:\/\/nightriderslt.shop\/en\/wp-json\/wp\/v2\/product_cat?post=4332"},{"taxonomy":"product_tag","embeddable":true,"href":"https:\/\/nightriderslt.shop\/en\/wp-json\/wp\/v2\/product_tag?post=4332"}],"curies":[{"name":"wp","href":"https:\/\/api.w.org\/{rel}","templated":true}]}}