{"id":4334,"date":"2025-11-21T12:00:05","date_gmt":"2025-11-21T10:00:05","guid":{"rendered":"https:\/\/nightriderslt.shop\/?post_type=product&#038;p=4334"},"modified":"2026-04-12T12:32:12","modified_gmt":"2026-04-12T09:32:12","slug":"nightriders-greito-veikimo-kebulo-atnaujinimo-priemone-su-vasku-quick-shine","status":"publish","type":"product","link":"https:\/\/nightriderslt.shop\/en\/product\/nightriders-greito-veikimo-kebulo-atnaujinimo-priemone-su-vasku-quick-shine\/","title":{"rendered":"NIGHTRIDERS Fast-Acting Body Renovator with Wax \u201cQuick Shine\u201d"},"content":{"rendered":"<p class=\" translation-block\"><em>NIGHTRIDERS<\/em> fast-acting car body refresher with carnauba wax is ideal for painted car surfaces, providing minimal water repellency and shine.<\/p>\n<p class=\" translation-block\"><strong>Instructions for use:<\/strong><br>\n<strong>1.<\/strong> Thoroughly wash and dry the car body.<br>\n<strong>2.<\/strong> Avoiding direct sunlight, spray the product on the selected part of the car body and rub the product well with a soft microfiber cloth without waiting.<br>\n<strong>3.<\/strong> Using another clean and soft microfiber cloth, dry the treated surface again until it is completely shiny.<\/p>\n<p>\u2022 Use the product only on a clean and dry car body.<\/p>\n<p class=\" translation-block\"><strong>Equipped with a premium-quality Guala Dispensing trigger:<br><\/strong>\n\u2022 Leak-proof in all conditions.<br>\n\u2022 Smooth and consistent trigger action.<br>\n\u2022 Ergonomic design with textured areas for a more comfortable grip.<br><\/p>\n<p class=\" translation-block\"><span style=\"color: #ff0000\"><em><strong>Important:<\/strong><\/em><\/span><br>\nKeep out of reach of children<\/p>","protected":false},"excerpt":{"rendered":"<p>NIGHTRIDERS greito veikimo k\u0117bulo atnaujinimo priemon\u0117 su karnaubos va\u0161ku idealiai tinka da\u017eytiems automobilio pavir\u0161iams, suteikia minimal\u0173 vandens atst\u016bmimo efekt\u0105 ir spindes\u012f. Naudojimo instrukcijos: 1. Kruop\u0161\u010diai&#8230;<\/p>","protected":false},"featured_media":4319,"comment_status":"open","ping_status":"closed","template":"","meta":[],"product_brand":[],"product_cat":[113,65],"product_tag":[],"class_list":{"0":"post-4334","1":"product","2":"type-product","3":"status-publish","4":"has-post-thumbnail","6":"product_cat-automobiliu-chemija","7":"product_cat-visos-prekes","8":"product_shipping_class-allitems","10":"first","11":"instock","12":"shipping-taxable","13":"purchasable","14":"product-type-simple"},"etheme_brands":{"errors":{"invalid_taxonomy":["Invalid taxonomy."]},"error_data":[]},"jetpack_sharing_enabled":true,"_links":{"self":[{"href":"https:\/\/nightriderslt.shop\/en\/wp-json\/wp\/v2\/product\/4334","targetHints":{"allow":["GET"]}}],"collection":[{"href":"https:\/\/nightriderslt.shop\/en\/wp-json\/wp\/v2\/product"}],"about":[{"href":"https:\/\/nightriderslt.shop\/en\/wp-json\/wp\/v2\/types\/product"}],"replies":[{"embeddable":true,"href":"https:\/\/nightriderslt.shop\/en\/wp-json\/wp\/v2\/comments?post=4334"}],"version-history":[{"count":2,"href":"https:\/\/nightriderslt.shop\/en\/wp-json\/wp\/v2\/product\/4334\/revisions"}],"predecessor-version":[{"id":4443,"href":"https:\/\/nightriderslt.shop\/en\/wp-json\/wp\/v2\/product\/4334\/revisions\/4443"}],"wp:featuredmedia":[{"embeddable":true,"href":"https:\/\/nightriderslt.shop\/en\/wp-json\/wp\/v2\/media\/4319"}],"wp:attachment":[{"href":"https:\/\/nightriderslt.shop\/en\/wp-json\/wp\/v2\/media?parent=4334"}],"wp:term":[{"taxonomy":"product_brand","embeddable":true,"href":"https:\/\/nightriderslt.shop\/en\/wp-json\/wp\/v2\/product_brand?post=4334"},{"taxonomy":"product_cat","embeddable":true,"href":"https:\/\/nightriderslt.shop\/en\/wp-json\/wp\/v2\/product_cat?post=4334"},{"taxonomy":"product_tag","embeddable":true,"href":"https:\/\/nightriderslt.shop\/en\/wp-json\/wp\/v2\/product_tag?post=4334"}],"curies":[{"name":"wp","href":"https:\/\/api.w.org\/{rel}","templated":true}]}}