{"id":4336,"date":"2025-11-21T12:00:55","date_gmt":"2025-11-21T10:00:55","guid":{"rendered":"https:\/\/nightriderslt.shop\/?post_type=product&#038;p=4336"},"modified":"2026-01-27T22:53:27","modified_gmt":"2026-01-27T20:53:27","slug":"nightriders-vabzdziu-liekanu-valiklis-bug-shot","status":"publish","type":"product","link":"https:\/\/nightriderslt.shop\/en\/product\/nightriders-vabzdziu-liekanu-valiklis-bug-shot\/","title":{"rendered":"NIGHTRIDERS Insect Residue Remover \u201cBug Shot\u201d"},"content":{"rendered":"<p class=\" translation-block\"><em>NIGHTRIDERS<\/em> Insect Residue Remover easily removes fresh and old insect residue from car body surfaces.<\/p>\n<p class=\" translation-block\"><strong>Instructions for use:<\/strong><br>\n<strong>1.<\/strong> Wet and cool the car body with cold water.<br>\n<strong>2.<\/strong> Spray the product onto the wetted car body and wait 2-3 minutes.<br>\n<strong>3.<\/strong> Rinse the product with a strong stream of water.<\/p>\n<p class=\" translation-block\">\u2022 Avoid hot surfaces and direct sunlight.<br>\n\u2022 Do not allow the product to dry.<br>\n\u2022 Do not spray the product on a wet car body.<br>\n\u2022 For best results, we recommend covering the sprayed product with active foam and rinsing thoroughly with a strong stream of water.<\/p>\n<p class=\" translation-block\"><strong>Equipped with a premium-quality Guala Dispensing trigger:<br><\/strong>\n\u2022 Leak-proof in all conditions.<br>\n\u2022 Smooth and consistent trigger action.<br>\n\u2022 Ergonomic design with textured areas for a more comfortable grip.<br><\/p>\n<p><strong><em><span style=\"color: #ff0000;\">Important: <\/span><\/em><\/strong><\/p>\n<p class=\" translation-block\">May be corrosive to metals, causes severe skin burns and serious eye damage. If medical advice is needed, have product container or label at hand.<br>\nKeep out of reach of children.<br>\nWash hands thoroughly after use.<br>\nWear protective gloves\/wear protective clothing\/use eye\/face protection<\/p>","protected":false},"excerpt":{"rendered":"<p>NIGHTRIDERS vabzd\u017ei\u0173 liekan\u0173 valiklis lengvai pa\u0161alina \u0161vie\u017eius ir senus vabzd\u017ei\u0173 liku\u010dius nuo automobilio k\u0117bulo pavir\u0161iaus. Naudojimo instrukcijos: 1. Sudr\u0117kinkite ir atv\u0117sinkite automobilio k\u0117bul\u0105 \u0161altu vandeniu&#8230;.<\/p>","protected":false},"featured_media":4321,"comment_status":"open","ping_status":"closed","template":"","meta":[],"product_brand":[],"product_cat":[113,65],"product_tag":[],"class_list":{"0":"post-4336","1":"product","2":"type-product","3":"status-publish","4":"has-post-thumbnail","6":"product_cat-automobiliu-chemija","7":"product_cat-visos-prekes","8":"product_shipping_class-allitems","10":"first","11":"instock","12":"shipping-taxable","13":"purchasable","14":"product-type-simple"},"etheme_brands":{"errors":{"invalid_taxonomy":["Invalid taxonomy."]},"error_data":[]},"jetpack_sharing_enabled":true,"_links":{"self":[{"href":"https:\/\/nightriderslt.shop\/en\/wp-json\/wp\/v2\/product\/4336","targetHints":{"allow":["GET"]}}],"collection":[{"href":"https:\/\/nightriderslt.shop\/en\/wp-json\/wp\/v2\/product"}],"about":[{"href":"https:\/\/nightriderslt.shop\/en\/wp-json\/wp\/v2\/types\/product"}],"replies":[{"embeddable":true,"href":"https:\/\/nightriderslt.shop\/en\/wp-json\/wp\/v2\/comments?post=4336"}],"version-history":[{"count":2,"href":"https:\/\/nightriderslt.shop\/en\/wp-json\/wp\/v2\/product\/4336\/revisions"}],"predecessor-version":[{"id":4439,"href":"https:\/\/nightriderslt.shop\/en\/wp-json\/wp\/v2\/product\/4336\/revisions\/4439"}],"wp:featuredmedia":[{"embeddable":true,"href":"https:\/\/nightriderslt.shop\/en\/wp-json\/wp\/v2\/media\/4321"}],"wp:attachment":[{"href":"https:\/\/nightriderslt.shop\/en\/wp-json\/wp\/v2\/media?parent=4336"}],"wp:term":[{"taxonomy":"product_brand","embeddable":true,"href":"https:\/\/nightriderslt.shop\/en\/wp-json\/wp\/v2\/product_brand?post=4336"},{"taxonomy":"product_cat","embeddable":true,"href":"https:\/\/nightriderslt.shop\/en\/wp-json\/wp\/v2\/product_cat?post=4336"},{"taxonomy":"product_tag","embeddable":true,"href":"https:\/\/nightriderslt.shop\/en\/wp-json\/wp\/v2\/product_tag?post=4336"}],"curies":[{"name":"wp","href":"https:\/\/api.w.org\/{rel}","templated":true}]}}