{"id":4338,"date":"2025-11-21T12:00:06","date_gmt":"2025-11-21T10:00:06","guid":{"rendered":"https:\/\/nightriderslt.shop\/?post_type=product&#038;p=4338"},"modified":"2026-05-06T11:52:57","modified_gmt":"2026-05-06T08:52:57","slug":"nightriders-ratlankiu-valiklis-sarminis-iron-off","status":"publish","type":"product","link":"https:\/\/nightriderslt.shop\/en\/product\/nightriders-ratlankiu-valiklis-sarminis-iron-off\/","title":{"rendered":"NIGHTRIDERS Rim Cleaner (Alkaline) \u201cIron-Off\u201d"},"content":{"rendered":"<p class=\" translation-block\"><em>NIGHTRIDERS<\/em> alkaline rim cleaner is ideal for contactless cleaning of car factory rims.<\/p>\n<p class=\" translation-block\"><strong>Instructions for use:<\/strong><br>\n<strong>1.<\/strong> Before use, cool the rims thoroughly with a stream of cold water.<br>\n<strong>2.<\/strong> Spray the product onto the rim and wait 2-3 minutes.<br>\n<strong>3.<\/strong> After the specified time, rinse the rims thoroughly with a strong stream of water.<\/p>\n<p class=\" translation-block\">\u2022 For best results, we recommend using a rim brush to evenly distribute the product.<br>\n\u2022 We do not recommend using the cleaner on unpainted\/unlacquered rims.<\/p>\n<p class=\" translation-block\"><strong>Equipped with a premium-quality Guala Dispensing trigger:<br><\/strong>\n\u2022 Leak-proof in all conditions.<br>\n\u2022 Smooth and consistent trigger action.<br>\n\u2022 Ergonomic design with textured areas for a more comfortable grip.<br><\/p>\n<p class=\" translation-block\"><span style=\"color: #ff0000\"><em><strong>Important:<\/strong><\/em><\/span><br>\nMay corrode metal, unpainted surfaces. Not recommended for use on bodywork.<br>\nCauses severe skin burns and serious eye damage.<br>\nKeep out of reach of children.<br>\nWash hands thoroughly after use. Use protective gloves\/protective clothing and eye\/face protection.<\/p>","protected":false},"excerpt":{"rendered":"<p>NIGHTRIDERS \u0161arminis ratlanki\u0173 valiklis idealiai tinka bekontak\u010diam automobili\u0173 gamyklini\u0173 ratlanki\u0173 valymui. Naudojimo instrukcijos: 1. Prie\u0161 naudojim\u0105 gerai atv\u0117sinkite ratlankius \u0161alta vandens srove. 2. U\u017epurk\u0161kite produkt\u0105&#8230;<\/p>","protected":false},"featured_media":4324,"comment_status":"open","ping_status":"closed","template":"","meta":[],"product_brand":[],"product_cat":[113,65],"product_tag":[],"class_list":{"0":"post-4338","1":"product","2":"type-product","3":"status-publish","4":"has-post-thumbnail","6":"product_cat-automobiliu-chemija","7":"product_cat-visos-prekes","8":"product_shipping_class-allitems","10":"first","11":"instock","12":"shipping-taxable","13":"purchasable","14":"product-type-simple"},"etheme_brands":{"errors":{"invalid_taxonomy":["Invalid taxonomy."]},"error_data":[]},"jetpack_sharing_enabled":true,"_links":{"self":[{"href":"https:\/\/nightriderslt.shop\/en\/wp-json\/wp\/v2\/product\/4338","targetHints":{"allow":["GET"]}}],"collection":[{"href":"https:\/\/nightriderslt.shop\/en\/wp-json\/wp\/v2\/product"}],"about":[{"href":"https:\/\/nightriderslt.shop\/en\/wp-json\/wp\/v2\/types\/product"}],"replies":[{"embeddable":true,"href":"https:\/\/nightriderslt.shop\/en\/wp-json\/wp\/v2\/comments?post=4338"}],"version-history":[{"count":2,"href":"https:\/\/nightriderslt.shop\/en\/wp-json\/wp\/v2\/product\/4338\/revisions"}],"predecessor-version":[{"id":4442,"href":"https:\/\/nightriderslt.shop\/en\/wp-json\/wp\/v2\/product\/4338\/revisions\/4442"}],"wp:featuredmedia":[{"embeddable":true,"href":"https:\/\/nightriderslt.shop\/en\/wp-json\/wp\/v2\/media\/4324"}],"wp:attachment":[{"href":"https:\/\/nightriderslt.shop\/en\/wp-json\/wp\/v2\/media?parent=4338"}],"wp:term":[{"taxonomy":"product_brand","embeddable":true,"href":"https:\/\/nightriderslt.shop\/en\/wp-json\/wp\/v2\/product_brand?post=4338"},{"taxonomy":"product_cat","embeddable":true,"href":"https:\/\/nightriderslt.shop\/en\/wp-json\/wp\/v2\/product_cat?post=4338"},{"taxonomy":"product_tag","embeddable":true,"href":"https:\/\/nightriderslt.shop\/en\/wp-json\/wp\/v2\/product_tag?post=4338"}],"curies":[{"name":"wp","href":"https:\/\/api.w.org\/{rel}","templated":true}]}}