{"id":4340,"date":"2025-11-21T12:00:29","date_gmt":"2025-11-21T10:00:29","guid":{"rendered":"https:\/\/nightriderslt.shop\/?post_type=product&#038;p=4340"},"modified":"2026-03-11T14:51:22","modified_gmt":"2026-03-11T12:51:22","slug":"nightriders-interjero-plastiku-atnaujinimo-priemone-matt-finish","status":"publish","type":"product","link":"https:\/\/nightriderslt.shop\/en\/product\/nightriders-interjero-plastiku-atnaujinimo-priemone-matt-finish\/","title":{"rendered":"NIGHTRIDERS Interior Plastic Renovator \u201cMatt Finish\u201d"},"content":{"rendered":"<p class=\" translation-block\"><em>NIGHTRIDERS<\/em> interior plastic refinisher is ideal for protecting car interior plastic surfaces \u2013 it renews their appearance, protects against UV rays, leaves a matte effect and does not attract dust. It is also perfect for use on leather surfaces.<\/p>\n<p class=\" translation-block\"><strong>Instructions for use:<\/strong><br>\n<strong>1.<\/strong> Thoroughly clean the plastic interior surfaces.<br>\n<strong>2.<\/strong> Using a microfiber cloth or applicator, apply the product to the selected plastic surface and wait 30 seconds.<br>\n<strong>3.<\/strong> After the specified time, wipe the product off the surface with a clean microfiber cloth.<\/p>\n<p class=\" translation-block\">\u2022 Avoid direct sunlight.<br>\n\u2022 The product is intended for interior plastic trim parts. It can also be used on leather surfaces.<\/p>\n<p class=\" translation-block\"><strong>Equipped with a premium-quality Guala Dispensing trigger:<br><\/strong>\n\u2022 Leak-proof in all conditions.<br>\n\u2022 Smooth and consistent trigger action.<br>\n\u2022 Ergonomic design with textured areas for a more comfortable grip.<br><\/p>\n<p><span style=\"color: #ff0000;\"><em><strong>Important: <\/strong><\/em><\/span><\/p>\n<p class=\" translation-block\">Causes serious eye irritation. If medical advice is needed, have product container or label at hand.<br>\nKeep out of reach of children.<br>\nWash hands thoroughly after handling. Wear protective gloves\/protective clothing\/eye protection\/protective footwear.<\/p>","protected":false},"excerpt":{"rendered":"<p>NIGHTRIDERS interjero plastik\u0173 atnaujinimo priemon\u0117 idealiai tinka apsaugoti automobilio interjero plastikinius pavir\u0161ius \u2013 atnaujina j\u0173 i\u0161vaizd\u0105, apsaugo nuo UV spinduli\u0173, palieka matin\u012f efekt\u0105 ir nepritraukia&#8230;<\/p>","protected":false},"featured_media":4342,"comment_status":"open","ping_status":"closed","template":"","meta":[],"product_brand":[],"product_cat":[113,65],"product_tag":[],"class_list":{"0":"post-4340","1":"product","2":"type-product","3":"status-publish","4":"has-post-thumbnail","6":"product_cat-automobiliu-chemija","7":"product_cat-visos-prekes","8":"product_shipping_class-allitems","10":"first","11":"instock","12":"shipping-taxable","13":"purchasable","14":"product-type-simple"},"etheme_brands":{"errors":{"invalid_taxonomy":["Invalid taxonomy."]},"error_data":[]},"jetpack_sharing_enabled":true,"_links":{"self":[{"href":"https:\/\/nightriderslt.shop\/en\/wp-json\/wp\/v2\/product\/4340","targetHints":{"allow":["GET"]}}],"collection":[{"href":"https:\/\/nightriderslt.shop\/en\/wp-json\/wp\/v2\/product"}],"about":[{"href":"https:\/\/nightriderslt.shop\/en\/wp-json\/wp\/v2\/types\/product"}],"replies":[{"embeddable":true,"href":"https:\/\/nightriderslt.shop\/en\/wp-json\/wp\/v2\/comments?post=4340"}],"version-history":[{"count":2,"href":"https:\/\/nightriderslt.shop\/en\/wp-json\/wp\/v2\/product\/4340\/revisions"}],"predecessor-version":[{"id":4440,"href":"https:\/\/nightriderslt.shop\/en\/wp-json\/wp\/v2\/product\/4340\/revisions\/4440"}],"wp:featuredmedia":[{"embeddable":true,"href":"https:\/\/nightriderslt.shop\/en\/wp-json\/wp\/v2\/media\/4342"}],"wp:attachment":[{"href":"https:\/\/nightriderslt.shop\/en\/wp-json\/wp\/v2\/media?parent=4340"}],"wp:term":[{"taxonomy":"product_brand","embeddable":true,"href":"https:\/\/nightriderslt.shop\/en\/wp-json\/wp\/v2\/product_brand?post=4340"},{"taxonomy":"product_cat","embeddable":true,"href":"https:\/\/nightriderslt.shop\/en\/wp-json\/wp\/v2\/product_cat?post=4340"},{"taxonomy":"product_tag","embeddable":true,"href":"https:\/\/nightriderslt.shop\/en\/wp-json\/wp\/v2\/product_tag?post=4340"}],"curies":[{"name":"wp","href":"https:\/\/api.w.org\/{rel}","templated":true}]}}