{"id":4416,"date":"2026-01-01T18:59:58","date_gmt":"2026-01-01T16:59:58","guid":{"rendered":"https:\/\/nightriderslt.shop\/?post_type=product&#038;p=4416"},"modified":"2026-04-17T23:39:12","modified_gmt":"2026-04-17T20:39:12","slug":"nightriders-mikropluosto-sluoste-neapsiutais-krastais-400-gsm","status":"publish","type":"product","link":"https:\/\/nightriderslt.shop\/en\/product\/nightriders-mikropluosto-sluoste-neapsiutais-krastais-400-gsm\/","title":{"rendered":"NIGHTRIDERS Dual-Sided Microfiber Cloth with Edgeless Design (400 \/ 200 GSM)"},"content":{"rendered":"<p>The NIGHTRIDERS 400 \/ 200 GSM microfiber cloth is ideal for cleaning or applying products on various interior and exterior surfaces of vehicles, homes, and more.<\/p>\n<p>The soft, lint-free microfiber fabric ensures fast, scratch-free application of your chosen product on panels, glass, leather, textiles, plastic components, vehicle bodywork, and other surfaces.<\/p>\n<p>To maintain the cloth\u2019s effectiveness, it is recommended to wash it at 60\u00b0C (without using a tumble-dry program).\nDry naturally in direct sunlight or using a handheld dryer.\nAvoid drying on radiators or heated lamps.<\/p>\n<p>The 400 GSM side of the cloth is ideal for cleaning and drying the vehicle exterior.<\/p>\n<p>The 200 GSM side of the cloth is ideal for cleaning and drying the vehicle interior.<\/p>","protected":false},"excerpt":{"rendered":"<p>NIGHTRIDERS 400 \/ 200 gsm mikropluo\u0161to \u0161luost\u0117 idealiai tinka \u012fvairi\u0173 automobilio, nam\u0173 ir kit\u0173 interjero bei eksterjero pavir\u0161i\u0173 valymui ar produkt\u0173 aplikacijai. Mink\u0161tas mikropluo\u0161to audinys,&#8230;<\/p>","protected":false},"featured_media":4417,"comment_status":"open","ping_status":"closed","template":"","meta":[],"product_brand":[],"product_cat":[113,65],"product_tag":[],"class_list":{"0":"post-4416","1":"product","2":"type-product","3":"status-publish","4":"has-post-thumbnail","6":"product_cat-automobiliu-chemija","7":"product_cat-visos-prekes","8":"product_shipping_class-allitems","10":"first","11":"instock","12":"shipping-taxable","13":"purchasable","14":"product-type-simple"},"etheme_brands":{"errors":{"invalid_taxonomy":["Invalid taxonomy."]},"error_data":[]},"jetpack_sharing_enabled":true,"_links":{"self":[{"href":"https:\/\/nightriderslt.shop\/en\/wp-json\/wp\/v2\/product\/4416","targetHints":{"allow":["GET"]}}],"collection":[{"href":"https:\/\/nightriderslt.shop\/en\/wp-json\/wp\/v2\/product"}],"about":[{"href":"https:\/\/nightriderslt.shop\/en\/wp-json\/wp\/v2\/types\/product"}],"replies":[{"embeddable":true,"href":"https:\/\/nightriderslt.shop\/en\/wp-json\/wp\/v2\/comments?post=4416"}],"version-history":[{"count":2,"href":"https:\/\/nightriderslt.shop\/en\/wp-json\/wp\/v2\/product\/4416\/revisions"}],"predecessor-version":[{"id":4438,"href":"https:\/\/nightriderslt.shop\/en\/wp-json\/wp\/v2\/product\/4416\/revisions\/4438"}],"wp:featuredmedia":[{"embeddable":true,"href":"https:\/\/nightriderslt.shop\/en\/wp-json\/wp\/v2\/media\/4417"}],"wp:attachment":[{"href":"https:\/\/nightriderslt.shop\/en\/wp-json\/wp\/v2\/media?parent=4416"}],"wp:term":[{"taxonomy":"product_brand","embeddable":true,"href":"https:\/\/nightriderslt.shop\/en\/wp-json\/wp\/v2\/product_brand?post=4416"},{"taxonomy":"product_cat","embeddable":true,"href":"https:\/\/nightriderslt.shop\/en\/wp-json\/wp\/v2\/product_cat?post=4416"},{"taxonomy":"product_tag","embeddable":true,"href":"https:\/\/nightriderslt.shop\/en\/wp-json\/wp\/v2\/product_tag?post=4416"}],"curies":[{"name":"wp","href":"https:\/\/api.w.org\/{rel}","templated":true}]}}